{"id":56,"date":"2024-11-23T19:08:03","date_gmt":"2024-11-23T19:08:03","guid":{"rendered":"https:\/\/gruene-gernsheim.de\/?page_id=56"},"modified":"2025-02-02T12:27:10","modified_gmt":"2025-02-02T12:27:10","slug":"impressum","status":"publish","type":"page","link":"https:\/\/gruene-gernsheim.de\/?page_id=56","title":{"rendered":"Impressum"},"content":{"rendered":"\n<p>Impressum:<\/p>\n\n\n\n<p>Dieses Internetangebot wird unterhalten von<\/p>\n\n\n\n<p>B\u00dcNDNIS 90\/DIE GR\u00dcNEN Ortsgruppe Gernsheim<\/p>\n\n\n\n<p>vertreten durch<br>Marco Piscopia<br>64579 Gernsheim<\/p>\n\n\n\n<h3 class=\"wp-block-heading\"><strong>Verantwortlich <\/strong>gem\u00e4\u00df \u00a7 5 Telemediengesetz (TMG)<\/h3>\n\n\n\n<p>B\u00dcNDNIS 90\/DIE GR\u00dcNEN Ortsgruppe Gernsheim<\/p>\n\n\n\n<p>Marco Piscopia (V.i.S.d.P)<br>64579 Gernsheim<br>M <a href=\"mailto:marco@gruene-gernsheim.de\">marco@gruene-gernsheim.de<\/a><\/p>\n\n\n\n<h3 class=\"wp-block-heading\">Atomstromfreier Server<\/h3>\n\n\n\n<p>gruene-gernsheim.de wird von der <a href=\"http:\/\/www.strato.de\/\" target=\"_blank\" rel=\"noreferrer noopener\">Strato AG<\/a> auf einem Server gehostet, der ausschlie\u00dflich mit 100% <a href=\"https:\/\/www.strato.de\/ueber-uns\/nachhaltigkeit\/\" target=\"_blank\" rel=\"noreferrer noopener\">Naturenergie <\/a>versorgt wird.<\/p>\n\n\n\n<h3 class=\"wp-block-heading\"><strong>Datenschutz<\/strong><\/h3>\n\n\n\n<p>Wir wissen, dass Du dem Thema Datenschutz gro\u00dfe Bedeutung beimisst. Deshalb ist uns der Schutz Deiner pers\u00f6nlichen Daten ein wichtiges Anliegen. Wir haben beschlossen, einfach keine Daten zu sammeln, somit ist das f\u00fcr alle die beste L\u00f6sung!<\/p>\n\n\n\n<h3 class=\"wp-block-heading\"><strong>Haftung f\u00fcr Links<\/strong><\/h3>\n\n\n\n<p>Unser Angebot enth\u00e4lt Links zu externen Webseiten Dritter, auf deren&nbsp; Inhalte wir keinen Einfluss haben. Deshalb k\u00f6nnen wir f\u00fcr diese fremden&nbsp; Inhalte auch keine Gew\u00e4hr \u00fcbernehmen. F\u00fcr die Inhalte der verlinkten&nbsp; Seiten ist stets der jeweilige Anbieter oder Betreiber der Seiten&nbsp; verantwortlich. Die verlinkten Seiten wurden zum Zeitpunkt der&nbsp; Verlinkung auf m\u00f6gliche Rechtsverst\u00f6\u00dfe \u00fcberpr\u00fcft. Rechtswidrige Inhalte&nbsp; waren zum Zeitpunkt der Verlinkung nicht erkennbar. Eine permanente inhaltliche Kontrolle der verlinkten Seiten ist jedoch ohne konkrete&nbsp; Anhaltspunkte einer Rechtsverletzung nicht zumutbar. Bei bekannt werden von Rechtsverletzungen werden wir derartige Links umgehend entfernen.<\/p>\n","protected":false},"excerpt":{"rendered":"<p>Impressum: Dieses Internetangebot wird unterhalten von B\u00dcNDNIS 90\/DIE GR\u00dcNEN Ortsgruppe Gernsheim vertreten durchMarco Piscopia64579 Gernsheim Verantwortlich gem\u00e4\u00df \u00a7 5 Telemediengesetz (TMG) B\u00dcNDNIS 90\/DIE GR\u00dcNEN Ortsgruppe Gernsheim Marco Piscopia (V.i.S.d.P)64579 GernsheimM&#8230; <\/p>\n","protected":false},"author":4,"featured_media":0,"parent":58,"menu_order":0,"comment_status":"closed","ping_status":"closed","template":"","meta":{"footnotes":""},"class_list":["post-56","page","type-page","status-publish","hentry"],"_links":{"self":[{"href":"https:\/\/gruene-gernsheim.de\/index.php?rest_route=\/wp\/v2\/pages\/56","targetHints":{"allow":["GET"]}}],"collection":[{"href":"https:\/\/gruene-gernsheim.de\/index.php?rest_route=\/wp\/v2\/pages"}],"about":[{"href":"https:\/\/gruene-gernsheim.de\/index.php?rest_route=\/wp\/v2\/types\/page"}],"author":[{"embeddable":true,"href":"https:\/\/gruene-gernsheim.de\/index.php?rest_route=\/wp\/v2\/users\/4"}],"replies":[{"embeddable":true,"href":"https:\/\/gruene-gernsheim.de\/index.php?rest_route=%2Fwp%2Fv2%2Fcomments&post=56"}],"version-history":[{"count":5,"href":"https:\/\/gruene-gernsheim.de\/index.php?rest_route=\/wp\/v2\/pages\/56\/revisions"}],"predecessor-version":[{"id":208,"href":"https:\/\/gruene-gernsheim.de\/index.php?rest_route=\/wp\/v2\/pages\/56\/revisions\/208"}],"up":[{"embeddable":true,"href":"https:\/\/gruene-gernsheim.de\/index.php?rest_route=\/wp\/v2\/pages\/58"}],"wp:attachment":[{"href":"https:\/\/gruene-gernsheim.de\/index.php?rest_route=%2Fwp%2Fv2%2Fmedia&parent=56"}],"curies":[{"name":"wp","href":"https:\/\/api.w.org\/{rel}","templated":true}]}}