{"id":49,"date":"2024-11-23T18:57:13","date_gmt":"2024-11-23T18:57:13","guid":{"rendered":"https:\/\/gruene-gernsheim.de\/?page_id=49"},"modified":"2025-01-21T20:33:00","modified_gmt":"2025-01-21T20:33:00","slug":"spenden","status":"publish","type":"page","link":"https:\/\/gruene-gernsheim.de\/?page_id=49","title":{"rendered":"Spenden"},"content":{"rendered":"\n<h1 class=\"wp-block-heading\">Bank\u00fcberweisung<\/h1>\n\n\n\n<p>Nat\u00fcrlich freuen wir uns \u00fcber Spenden per Bank\u00fcberweisung:<\/p>\n\n\n\n<p><strong>IBAN: DE96508525530003018330<br>BIC: HELADEF1GRG (Gro\u00df-Gerau)<br><\/strong><strong> Kreissparkasse Gro\u00df-Gerau<\/strong><\/p>\n\n\n\n<p>Du erh\u00e4ltst von uns eine Spendenbescheinigung, mit der Du 50% der Spende* von Deinen gezahlten Einkommenssteuern zur\u00fcckerhaltst. Denke deshalb bitte daran, Deine Adresse bei allen Spenden mit anzugeben!<\/p>\n\n\n\n<h1 class=\"wp-block-heading\">Spenden-Kodex<\/h1>\n\n\n\n<p>Den Gr\u00fcnen Spenden-Kodex finden Sie <a href=\"https:\/\/www.gruene-hessen.de\/partei\/dokumente\/spenden-kodex-buendnis-90die-gruenen\/\" target=\"_blank\" rel=\"noreferrer noopener\">hier<\/a>.<\/p>\n\n\n\n<p><em>* Bis zu 1.650 Euro bei Alleinstehenden, bis zu 3.300 Euro bei Verheirateten. Dar\u00fcber hinausgehende Spenden werden bis zu weiteren 1.650 Euro (bzw. 3.300 Euro) nach dem individuellen Steuersatz angerechnet.<\/em><\/p>\n","protected":false},"excerpt":{"rendered":"<p>Bank\u00fcberweisung Nat\u00fcrlich freuen wir uns \u00fcber Spenden per Bank\u00fcberweisung: IBAN: DE96508525530003018330BIC: HELADEF1GRG (Gro\u00df-Gerau) Kreissparkasse Gro\u00df-Gerau Du erh\u00e4ltst von uns eine Spendenbescheinigung, mit der Du 50% der Spende* von Deinen gezahlten&#8230; <\/p>\n","protected":false},"author":4,"featured_media":0,"parent":44,"menu_order":0,"comment_status":"closed","ping_status":"closed","template":"","meta":{"footnotes":""},"class_list":["post-49","page","type-page","status-publish","hentry"],"_links":{"self":[{"href":"https:\/\/gruene-gernsheim.de\/index.php?rest_route=\/wp\/v2\/pages\/49","targetHints":{"allow":["GET"]}}],"collection":[{"href":"https:\/\/gruene-gernsheim.de\/index.php?rest_route=\/wp\/v2\/pages"}],"about":[{"href":"https:\/\/gruene-gernsheim.de\/index.php?rest_route=\/wp\/v2\/types\/page"}],"author":[{"embeddable":true,"href":"https:\/\/gruene-gernsheim.de\/index.php?rest_route=\/wp\/v2\/users\/4"}],"replies":[{"embeddable":true,"href":"https:\/\/gruene-gernsheim.de\/index.php?rest_route=%2Fwp%2Fv2%2Fcomments&post=49"}],"version-history":[{"count":3,"href":"https:\/\/gruene-gernsheim.de\/index.php?rest_route=\/wp\/v2\/pages\/49\/revisions"}],"predecessor-version":[{"id":78,"href":"https:\/\/gruene-gernsheim.de\/index.php?rest_route=\/wp\/v2\/pages\/49\/revisions\/78"}],"up":[{"embeddable":true,"href":"https:\/\/gruene-gernsheim.de\/index.php?rest_route=\/wp\/v2\/pages\/44"}],"wp:attachment":[{"href":"https:\/\/gruene-gernsheim.de\/index.php?rest_route=%2Fwp%2Fv2%2Fmedia&parent=49"}],"curies":[{"name":"wp","href":"https:\/\/api.w.org\/{rel}","templated":true}]}}