{"id":36,"date":"2024-11-23T18:41:51","date_gmt":"2024-11-23T18:41:51","guid":{"rendered":"https:\/\/gruene-gernsheim.de\/?page_id=36"},"modified":"2026-01-23T22:28:38","modified_gmt":"2026-01-23T22:28:38","slug":"fraktion","status":"publish","type":"page","link":"https:\/\/gruene-gernsheim.de\/?page_id=36","title":{"rendered":"Fraktion"},"content":{"rendered":"\n<p>Die folgenden Mitglieder bilden die Fraktion der Gr\u00fcnen im Stadtparlament:<\/p>\n\n\n\n<p class=\"has-medium-font-size\"><\/p>\n\n\n\n<p><strong>Valentin Bornhofen<\/strong><\/p>\n\n\n\n\n\n<p><\/p>\n\n\n\n<hr class=\"wp-block-separator has-alpha-channel-opacity\"\/>\n\n\n\n<p><strong>Dr. Susanne Brandstetter<\/strong><\/p>\n\n\n\n<figure class=\"wp-block-image size-large is-resized\"><img loading=\"lazy\" decoding=\"async\" width=\"800\" height=\"1019\" src=\"https:\/\/gruene-gernsheim.de\/wp-content\/uploads\/2025\/01\/20240103_133205-800x1019.jpg\" alt=\"Bild Dr. Susanne Brandstetter\" class=\"wp-image-64\" style=\"width:150px\" srcset=\"https:\/\/gruene-gernsheim.de\/wp-content\/uploads\/2025\/01\/20240103_133205-800x1019.jpg 800w, https:\/\/gruene-gernsheim.de\/wp-content\/uploads\/2025\/01\/20240103_133205-400x509.jpg 400w, https:\/\/gruene-gernsheim.de\/wp-content\/uploads\/2025\/01\/20240103_133205-768x978.jpg 768w, https:\/\/gruene-gernsheim.de\/wp-content\/uploads\/2025\/01\/20240103_133205-1206x1536.jpg 1206w, https:\/\/gruene-gernsheim.de\/wp-content\/uploads\/2025\/01\/20240103_133205-1608x2048.jpg 1608w, https:\/\/gruene-gernsheim.de\/wp-content\/uploads\/2025\/01\/20240103_133205-118x150.jpg 118w, https:\/\/gruene-gernsheim.de\/wp-content\/uploads\/2025\/01\/20240103_133205.jpg 1872w\" sizes=\"auto, (max-width: 800px) 100vw, 800px\" \/><figcaption class=\"wp-element-caption\"><br>Ich bin von Beruf Biologin, 53 Jahre alt, verheiratet und bin f\u00fcr B\u00fcndnis 90 \/ Die Gr\u00fcnen in der Gernsheimer Stadtverordnetenversammlung und im Haupt- und Finanzausschuss.<\/figcaption><\/figure>\n\n\n\n<hr class=\"wp-block-separator has-alpha-channel-opacity\"\/>\n\n\n\n<p><strong>Tim Feierfeil<\/strong><\/p>\n\n\n\n<figure class=\"wp-block-image size-full is-resized\"><img loading=\"lazy\" decoding=\"async\" width=\"768\" height=\"1200\" src=\"https:\/\/gruene-gernsheim.de\/wp-content\/uploads\/2025\/01\/IMG_20250121_190149-768x1200-1.jpg\" alt=\"\" class=\"wp-image-67\" style=\"width:150px\" srcset=\"https:\/\/gruene-gernsheim.de\/wp-content\/uploads\/2025\/01\/IMG_20250121_190149-768x1200-1.jpg 768w, https:\/\/gruene-gernsheim.de\/wp-content\/uploads\/2025\/01\/IMG_20250121_190149-768x1200-1-384x600.jpg 384w, https:\/\/gruene-gernsheim.de\/wp-content\/uploads\/2025\/01\/IMG_20250121_190149-768x1200-1-96x150.jpg 96w\" sizes=\"auto, (max-width: 768px) 100vw, 768px\" \/><figcaption class=\"wp-element-caption\"><br>Ich bin Ingenieur f\u00fcr Wasserwirtschaft und Umwelttechnik, 42 Jahre alt und sitze f\u00fcr B\u00fcndnis 90 \/ Die Gr\u00fcnen in der Gernsheimer Stadtverordnetenversammlung, im Bauausschuss und den Ausschuss f\u00fcr Jugend, Kultur, Sport und Soziales.<\/figcaption><\/figure>\n\n\n\n<hr class=\"wp-block-separator has-alpha-channel-opacity\"\/>\n\n\n\n<p><strong>Marco Piscopia<\/strong><\/p>\n\n\n\n<figure class=\"wp-block-image size-full is-resized\"><img loading=\"lazy\" decoding=\"async\" width=\"588\" height=\"588\" src=\"https:\/\/gruene-gernsheim.de\/wp-content\/uploads\/2025\/01\/IMG-20250119-WA0013.jpg\" alt=\"\" class=\"wp-image-68\" style=\"width:150px\" srcset=\"https:\/\/gruene-gernsheim.de\/wp-content\/uploads\/2025\/01\/IMG-20250119-WA0013.jpg 588w, https:\/\/gruene-gernsheim.de\/wp-content\/uploads\/2025\/01\/IMG-20250119-WA0013-400x400.jpg 400w, https:\/\/gruene-gernsheim.de\/wp-content\/uploads\/2025\/01\/IMG-20250119-WA0013-150x150.jpg 150w\" sizes=\"auto, (max-width: 588px) 100vw, 588px\" \/><figcaption class=\"wp-element-caption\"><br>Fraktionssprecher, Vorsitzender im Ausschuss f\u00fcr Umwelt, Land- und Forstwirtschaft (ULF)<\/figcaption><\/figure>\n\n\n\n<hr class=\"wp-block-separator has-alpha-channel-opacity\"\/>\n\n\n\n<p><strong>Elke Saltzer<\/strong><\/p>\n\n\n\n<figure class=\"wp-block-image size-full is-resized\"><img loading=\"lazy\" decoding=\"async\" width=\"221\" height=\"331\" src=\"https:\/\/gruene-gernsheim.de\/wp-content\/uploads\/2026\/01\/image-3.png\" alt=\"\" class=\"wp-image-295\" style=\"width:150px\" srcset=\"https:\/\/gruene-gernsheim.de\/wp-content\/uploads\/2026\/01\/image-3.png 221w, https:\/\/gruene-gernsheim.de\/wp-content\/uploads\/2026\/01\/image-3-100x150.png 100w\" sizes=\"auto, (max-width: 221px) 100vw, 221px\" \/><\/figure>\n\n\n\n<p><\/p>\n\n\n\n<hr class=\"wp-block-separator has-alpha-channel-opacity\"\/>\n\n\n\n<p class=\"has-medium-font-size\"><strong>Ernst Weinmann<\/strong><\/p>\n\n\n\n<figure class=\"wp-block-image size-large is-resized\"><img loading=\"lazy\" decoding=\"async\" width=\"800\" height=\"1067\" src=\"https:\/\/gruene-gernsheim.de\/wp-content\/uploads\/2025\/01\/20240414_124446-800x1067.jpg\" alt=\"\" class=\"wp-image-86\" style=\"width:150px\" srcset=\"https:\/\/gruene-gernsheim.de\/wp-content\/uploads\/2025\/01\/20240414_124446-800x1067.jpg 800w, https:\/\/gruene-gernsheim.de\/wp-content\/uploads\/2025\/01\/20240414_124446-400x533.jpg 400w, https:\/\/gruene-gernsheim.de\/wp-content\/uploads\/2025\/01\/20240414_124446-768x1024.jpg 768w, https:\/\/gruene-gernsheim.de\/wp-content\/uploads\/2025\/01\/20240414_124446-1152x1536.jpg 1152w, https:\/\/gruene-gernsheim.de\/wp-content\/uploads\/2025\/01\/20240414_124446-1536x2048.jpg 1536w, https:\/\/gruene-gernsheim.de\/wp-content\/uploads\/2025\/01\/20240414_124446-113x150.jpg 113w, https:\/\/gruene-gernsheim.de\/wp-content\/uploads\/2025\/01\/20240414_124446-scaled.jpg 1920w\" sizes=\"auto, (max-width: 800px) 100vw, 800px\" \/><\/figure>\n\n\n\n<p>68 Jahre alt, (verheiratet, drei erwachsene S\u00f6hne und drei Enkel)<br>Ich bin \u00fcber den Natur- und Umweltschutz zu den Gr\u00fcnen gekommen. 1993 bis 2006 Mitglied im<br>Ortsbeirat Allmendfeld und seit 2006 Mitglied des Magistrats der Sch\u00f6fferstadt Gernsheim. Meine<br>Themen in der Kommunalpolitik sind neben den Finanzen der Klimaschutz, Klima Anpassung und<br>erneuerbare Energien.<\/p>\n\n\n\n<p><\/p>\n","protected":false},"excerpt":{"rendered":"<p>Die folgenden Mitglieder bilden die Fraktion der Gr\u00fcnen im Stadtparlament: Valentin Bornhofen Dr. Susanne Brandstetter Tim Feierfeil Marco Piscopia Elke Saltzer Ernst Weinmann 68 Jahre alt, (verheiratet, drei erwachsene S\u00f6hne&#8230; <\/p>\n","protected":false},"author":4,"featured_media":0,"parent":15,"menu_order":0,"comment_status":"closed","ping_status":"closed","template":"","meta":{"footnotes":""},"class_list":["post-36","page","type-page","status-publish","hentry"],"_links":{"self":[{"href":"https:\/\/gruene-gernsheim.de\/index.php?rest_route=\/wp\/v2\/pages\/36","targetHints":{"allow":["GET"]}}],"collection":[{"href":"https:\/\/gruene-gernsheim.de\/index.php?rest_route=\/wp\/v2\/pages"}],"about":[{"href":"https:\/\/gruene-gernsheim.de\/index.php?rest_route=\/wp\/v2\/types\/page"}],"author":[{"embeddable":true,"href":"https:\/\/gruene-gernsheim.de\/index.php?rest_route=\/wp\/v2\/users\/4"}],"replies":[{"embeddable":true,"href":"https:\/\/gruene-gernsheim.de\/index.php?rest_route=%2Fwp%2Fv2%2Fcomments&post=36"}],"version-history":[{"count":10,"href":"https:\/\/gruene-gernsheim.de\/index.php?rest_route=\/wp\/v2\/pages\/36\/revisions"}],"predecessor-version":[{"id":311,"href":"https:\/\/gruene-gernsheim.de\/index.php?rest_route=\/wp\/v2\/pages\/36\/revisions\/311"}],"up":[{"embeddable":true,"href":"https:\/\/gruene-gernsheim.de\/index.php?rest_route=\/wp\/v2\/pages\/15"}],"wp:attachment":[{"href":"https:\/\/gruene-gernsheim.de\/index.php?rest_route=%2Fwp%2Fv2%2Fmedia&parent=36"}],"curies":[{"name":"wp","href":"https:\/\/api.w.org\/{rel}","templated":true}]}}